{"id":663,"date":"2019-03-14T23:26:33","date_gmt":"2019-03-14T22:26:33","guid":{"rendered":"http:\/\/tomekwojcik.eu\/?page_id=663"},"modified":"2023-01-27T14:21:26","modified_gmt":"2023-01-27T13:21:26","slug":"films","status":"publish","type":"page","link":"https:\/\/tomekwojcik.eu\/index.php\/films\/","title":{"rendered":"movies"},"content":{"rendered":"<div class=\"entry-video\"><iframe loading=\"lazy\" title=\"graphics\/posters by Tomek W\u00f3jcik & line\" width=\"1100\" height=\"619\" src=\"https:\/\/www.youtube.com\/embed\/og-IjensYvE?feature=oembed\" frameborder=\"0\" allow=\"accelerometer; autoplay; clipboard-write; encrypted-media; gyroscope; picture-in-picture; web-share\" referrerpolicy=\"strict-origin-when-cross-origin\" allowfullscreen><\/iframe><\/div>\n<div class=\"entry-video\"><iframe loading=\"lazy\" title=\"Shakespeare posters by Tomasz W\u00f3jcik\" width=\"1100\" height=\"619\" src=\"https:\/\/www.youtube.com\/embed\/-h46L6p_v_o?start=25&feature=oembed\" frameborder=\"0\" allow=\"accelerometer; autoplay; clipboard-write; encrypted-media; gyroscope; picture-in-picture; web-share\" referrerpolicy=\"strict-origin-when-cross-origin\" allowfullscreen><\/iframe><\/div>\n<div class=\"entry-video\"><iframe loading=\"lazy\" title=\"Kino RP - Rekonstrukcja Cyfrowa - czo\u0142\u00f3wka Tomek W\u00f3jcik\" width=\"1100\" height=\"619\" src=\"https:\/\/www.youtube.com\/embed\/UgX3kSnbTNQ?feature=oembed\" frameborder=\"0\" allow=\"accelerometer; autoplay; clipboard-write; encrypted-media; gyroscope; picture-in-picture; web-share\" referrerpolicy=\"strict-origin-when-cross-origin\" allowfullscreen><\/iframe><\/div>\n<div class=\"entry-video\"><iframe loading=\"lazy\" title=\"Labirynt \u015bwiat\u0142a\" width=\"1100\" height=\"619\" src=\"https:\/\/www.youtube.com\/embed\/rQtw-arHLsY?feature=oembed\" frameborder=\"0\" allow=\"accelerometer; autoplay; clipboard-write; encrypted-media; gyroscope; picture-in-picture; web-share\" referrerpolicy=\"strict-origin-when-cross-origin\" allowfullscreen><\/iframe><\/div>\n<div class=\"entry-video\"><iframe loading=\"lazy\" title=\"Sztuka filmowa - ksi\u0105\u017cka\" width=\"1100\" height=\"619\" src=\"https:\/\/www.youtube.com\/embed\/7Rgm4n7YtWo?feature=oembed\" frameborder=\"0\" allow=\"accelerometer; autoplay; clipboard-write; encrypted-media; gyroscope; picture-in-picture; web-share\" referrerpolicy=\"strict-origin-when-cross-origin\" allowfullscreen><\/iframe><\/div>\n<div class=\"entry-video\"><iframe loading=\"lazy\" title=\"rekonstrukcja cyfrowa - plansza - film &quot;Do widzenia do jutra&quot;\" width=\"1100\" height=\"619\" src=\"https:\/\/www.youtube.com\/embed\/CXzHFofdd3U?feature=oembed\" frameborder=\"0\" allow=\"accelerometer; autoplay; clipboard-write; encrypted-media; gyroscope; picture-in-picture; web-share\" referrerpolicy=\"strict-origin-when-cross-origin\" allowfullscreen><\/iframe><\/div>\n<div class=\"entry-video\"><iframe loading=\"lazy\" title=\"Faraon - Labirynt \u015bwiat\u0142a - m\u00f3wi operator Jerzy W\u00f3jcik\" width=\"1100\" height=\"619\" src=\"https:\/\/www.youtube.com\/embed\/90GcOKRt0nE?start=21&feature=oembed\" frameborder=\"0\" allow=\"accelerometer; autoplay; clipboard-write; encrypted-media; gyroscope; picture-in-picture; web-share\" referrerpolicy=\"strict-origin-when-cross-origin\" allowfullscreen><\/iframe><\/div>\n<div class=\"entry-video\"><iframe loading=\"lazy\" title=\"Matka Joanna od Anio\u0142\u00f3w - Labirynt \u015bwiat\u0142a - m\u00f3wi operator Jerzy W\u00f3jcik\" width=\"1100\" height=\"619\" src=\"https:\/\/www.youtube.com\/embed\/x_BRP_mIlC4?start=102&feature=oembed\" frameborder=\"0\" allow=\"accelerometer; autoplay; clipboard-write; encrypted-media; gyroscope; picture-in-picture; web-share\" referrerpolicy=\"strict-origin-when-cross-origin\" allowfullscreen><\/iframe><\/div>\n<div class=\"entry-video\"><iframe loading=\"lazy\" title=\"Nikt nie wola - Labirynt \u015bwiat\u0142a - m\u00f3wi operator Jerzy W\u00f3jcik\" width=\"1100\" height=\"619\" src=\"https:\/\/www.youtube.com\/embed\/5r8qBuqxuq8?start=14&feature=oembed\" frameborder=\"0\" allow=\"accelerometer; autoplay; clipboard-write; encrypted-media; gyroscope; picture-in-picture; web-share\" referrerpolicy=\"strict-origin-when-cross-origin\" allowfullscreen><\/iframe><\/div>\n<div class=\"entry-video\"><iframe loading=\"lazy\" title=\"Wrota Europy - Labirynt \u015bwiat\u0142a - m\u00f3wi Jerzy W\u00f3jcik\" width=\"1100\" height=\"619\" src=\"https:\/\/www.youtube.com\/embed\/Ke0y3PkzpSI?start=4&feature=oembed\" frameborder=\"0\" allow=\"accelerometer; autoplay; clipboard-write; encrypted-media; gyroscope; picture-in-picture; web-share\" referrerpolicy=\"strict-origin-when-cross-origin\" allowfullscreen><\/iframe><\/div>\n","protected":false},"excerpt":{"rendered":"<a class=\"read-more-link\" href=\" https:\/\/tomekwojcik.eu\/index.php\/films\/ \">Read more<\/a>","protected":false},"author":1,"featured_media":0,"parent":0,"menu_order":0,"comment_status":"closed","ping_status":"closed","template":"","meta":[],"_links":{"self":[{"href":"https:\/\/tomekwojcik.eu\/index.php\/wp-json\/wp\/v2\/pages\/663"}],"collection":[{"href":"https:\/\/tomekwojcik.eu\/index.php\/wp-json\/wp\/v2\/pages"}],"about":[{"href":"https:\/\/tomekwojcik.eu\/index.php\/wp-json\/wp\/v2\/types\/page"}],"author":[{"embeddable":true,"href":"https:\/\/tomekwojcik.eu\/index.php\/wp-json\/wp\/v2\/users\/1"}],"replies":[{"embeddable":true,"href":"https:\/\/tomekwojcik.eu\/index.php\/wp-json\/wp\/v2\/comments?post=663"}],"version-history":[{"count":13,"href":"https:\/\/tomekwojcik.eu\/index.php\/wp-json\/wp\/v2\/pages\/663\/revisions"}],"predecessor-version":[{"id":873,"href":"https:\/\/tomekwojcik.eu\/index.php\/wp-json\/wp\/v2\/pages\/663\/revisions\/873"}],"wp:attachment":[{"href":"https:\/\/tomekwojcik.eu\/index.php\/wp-json\/wp\/v2\/media?parent=663"}],"curies":[{"name":"wp","href":"https:\/\/api.w.org\/{rel}","templated":true}]}}